{"id":1282,"date":"2014-05-06T18:56:37","date_gmt":"2014-05-06T22:56:37","guid":{"rendered":"http:\/\/www.eventosycatering.com\/newsite\/?page_id=1282"},"modified":"2014-05-06T18:56:37","modified_gmt":"2014-05-06T22:56:37","slug":"requisitos-para-casarse-en-republica-dominicana","status":"publish","type":"page","link":"http:\/\/eventosycateringrd.com\/es\/requisitos-para-casarse-en-republica-dominicana\/","title":{"rendered":"<!--:es-->Requisitos para casarse en Rep\u00fablica Dominicana<!--:--><!--:en-->Requirements to get married in Dominican Republic<!--:-->"},"content":{"rendered":"<p><!--:es--><\/p>\n<h1 style=\"text-align: center;\"><img fetchpriority=\"high\" decoding=\"async\" class=\"aligncenter  wp-image-1280\" alt=\"requisitos-para-casarse-en-Rep\u00fablica-Dominicana\" src=\"http:\/\/www.eventosycateringrd.com\/wp-content\/uploads\/2014\/05\/requisitos-para-casarse-en-Rep\u00fablica-Dominicana.jpg\" width=\"308\" height=\"270\" \/><\/h1>\n<h1 style=\"text-align: center;\"><span style=\"color: #64d3a9;\"><strong>Requisitos para casarte en Rep\u00fablica Dominicana<\/strong><\/span><\/h1>\n<p style=\"text-align: center;\"><span style=\"font-size: large;\">La ley en la Rep\u00fablica Dominicana reconoce dos clases de matrimonio: <strong>el civil<\/strong>, que se contrae de acuerdo con los preceptos de la ley civil; <strong>y el religioso<\/strong>, celebrado con sujeci\u00f3n a las normas del Derecho Can\u00f3nico.<\/span><\/p>\n<p><img decoding=\"async\" class=\"aligncenter size-full wp-image-1253\" alt=\"separador-web-eventos-y-catering\" src=\"http:\/\/www.eventosycateringrd.com\/wp-content\/uploads\/2014\/04\/separador-web-eventos-y-catering.png\" width=\"950\" height=\"74\" \/><\/p>\n<h2 style=\"text-align: center;\"><span style=\"color: #64d3a9;\">El matrimonio civil<\/span><\/h2>\n<p style=\"text-align: center;\"><span style=\"font-size: medium;\"><strong>El matrimonio civil se origina del contrato celebrado entre un hombre y una mujer que han otorgado su libre consentimiento para casarse y cuentan con la capacidad para verificar este acto<\/strong>. Para poder contraer matrimonio en la Rep\u00fablica Dominicana, es necesario que las partes cumplan los siguientes requisitos y tr\u00e1mites:<\/span><\/p>\n<ul style=\"text-align: center;\">\n<li style=\"text-align: center;\"><span style=\"font-size: medium;\"><strong>Las partes deben otorgar su libre consentimiento<\/strong>. Cualquier consentimiento requerido para el matrimonio deber\u00e1 expresarse por escrito mediante acto aut\u00e9ntico o bajo firma privada, debidamente legalizado, a menos que las personas que deban darlo concurran al mismo y conste su consentimiento en el acta que lo instrumente.<\/span><\/li>\n<\/ul>\n<ul style=\"text-align: center;\">\n<li><span style=\"font-size: medium;\"><strong>Los menores de 18 a\u00f1os deben contar con el consentimiento de sus padres<\/strong> o del padre superviviente sin el cual no pueden contraer matrimonio.<\/span><\/li>\n<\/ul>\n<ul style=\"text-align: center;\">\n<li><span style=\"font-size: medium;\"><strong>El hombre menor de 16 a\u00f1os cumplidos y la mujer antes de cumplir los 15 no pueden contraer matrimonio<\/strong>; pero el Juez de Primera Instancia puede, por razones atendibles, conceder la dispensa de edad.<\/span><\/li>\n<\/ul>\n<p style=\"text-align: center;\"><span style=\"font-size: medium;\"><strong>No se puede contraer matrimonio antes de la disoluci\u00f3n de un matrimonio precedente<\/strong>. En todo caso la mujer divorciada no podr\u00e1 contraer nuevo matrimonio sino diez (10) meses despu\u00e9s de que el divorcio haya llegado a ser definitivo, a menos que su nuevo marido sea el mismo de quien se ha divorciado.<\/span><\/p>\n<p><img decoding=\"async\" alt=\"separador-web-eventos-y-catering\" src=\"http:\/\/www.eventosycateringrd.com\/wp-content\/uploads\/2014\/04\/separador-web-eventos-y-catering.png\" width=\"950\" height=\"74\" \/><\/p>\n<h3 style=\"text-align: center;\"><span style=\"color: #64d3a9;\"><strong><span>Los extranjeros que desean contraer matrimonio en el pa\u00eds \u00fanicamente deber\u00e1n presentar:<\/span><\/strong><\/span><\/h3>\n<ul style=\"text-align: center;\">\n<ul>\n<li><strong><span style=\"font-size: medium;\">Su pasaporte en original y copia.<\/span><\/strong><\/li>\n<\/ul>\n<\/ul>\n<ul style=\"text-align: center;\">\n<ul>\n<li><strong><span style=\"font-size: medium;\">Carta de solter\u00eda de la Embajada del pa\u00eds de procedencia.<\/span><\/strong><\/li>\n<\/ul>\n<\/ul>\n<ul style=\"text-align: center;\">\n<li><span style=\"font-size: medium;\"><strong>La tarjeta de turista, o su tarjeta de residencia<\/strong> y\/o c\u00e9dula de identidad personal de extranjero, si la tuviere.<\/span><\/li>\n<\/ul>\n<p style=\"text-align: center;\"><span style=\"font-size: medium;\"><strong>El matrimonio civil debe celebrarse p\u00fablicamente ante un Oficial del Estado Civil<\/strong>. La ley exige ciertos requisitos de publicidad anteriores a la celebraci\u00f3n del matrimonio consistentes en la publicaci\u00f3n de avisos sobre el matrimonio. No obstante, el Oficial del Estado Civil, al momento de la celebraci\u00f3n del matrimonio, puede dispensar a los contrayentes de este requisito por razones atendibles, haci\u00e9ndolo constar en el Certificado u Acta de Matrimonio.<\/span><\/p>\n<p style=\"text-align: center;\"><span style=\"font-size: medium;\"><strong>Una vez cumplidas estas formalidades, el matrimonio se celebrar\u00e1 ante el Oficial del domicilio de una de las partes<\/strong>, en presencia de los testigos requeridos. Al momento de la celebraci\u00f3n del matrimonio el Oficial del Estado Civil preguntar\u00e1 a los contrayentes, as\u00ed como a los testigos y dem\u00e1s personas que autoricen el matrimonio, si se ha celebrado o no alg\u00fan contrato entre ellos y en caso afirmativo, indiquen la fecha del mismo y citen el nombre del Notario ante quien se efectu\u00f3.<\/span><\/p>\n<p style=\"text-align: center;\"><span style=\"font-size: medium;\"><strong>El acta de matrimonio deber\u00e1 contener los nombres y apellidos de los contrayentes, su consentimiento, la declaraci\u00f3n de que han quedado unidos por dicho v\u00ednculo y la fecha del acto<\/strong>. Este acto ser\u00e1 firmado por el funcionario actuante, por lo contrayentes y testigos y posteriormente se proceder\u00e1 a la inscripci\u00f3n del matrimonio en los registros del estado civil correspondiente.<\/span><\/p>\n<p style=\"text-align: center;\"><span style=\"font-size: medium;\">* El matrimonio civil se disuelve por el divorcio o por la muerte de uno de los c\u00f3nyuges.<\/span><\/p>\n<p style=\"text-align: center;\">\u00a0<img decoding=\"async\" alt=\"separador-web-eventos-y-catering\" src=\"http:\/\/www.eventosycateringrd.com\/wp-content\/uploads\/2014\/04\/separador-web-eventos-y-catering.png\" width=\"950\" height=\"74\" \/><\/p>\n<h2 style=\"text-align: center;\"><span style=\"color: #64d3a9;\">El matrimonio can\u00f3nico<\/span><\/h2>\n<p style=\"text-align: center;\"><span style=\"font-size: medium;\"><strong>El matrimonio cat\u00f3lico produce los mismos efectos legales que el matrimonio civil<\/strong>. <\/span><\/p>\n<p style=\"text-align: center;\"><span style=\"font-size: medium;\"><strong>El p\u00e1rroco debe enviar una copia textual del acta de su celebraci\u00f3n al Oficial del Estado Civil competente dentro de los 3 d\u00edas que siguen a la solemnizaci\u00f3n de dicho matrimonio can\u00f3nico<\/strong>, con la finalidad de que \u00e9ste proceda a la transcripci\u00f3n en los registros civiles de lugar. Esta obligaci\u00f3n se mantiene a\u00fan cuando el matrimonio civil haya precedido al can\u00f3nico.<\/span><\/p>\n<p style=\"text-align: center;\"><img decoding=\"async\" alt=\"separador-web-eventos-y-catering\" src=\"http:\/\/www.eventosycateringrd.com\/wp-content\/uploads\/2014\/04\/separador-web-eventos-y-catering.png\" width=\"950\" height=\"74\" \/><\/p>\n<h2 style=\"text-align: center;\"><span style=\"color: #64d3a9;\"><b>REQUISITOS IGLESIA CATOLICA PARA EXTRANJEROS<\/b><\/span><\/h2>\n<p style=\"text-align: center;\"><span style=\"text-align: center;\"><span style=\"font-size: medium;\">ACTA DE NACIMIENTO EN EL IDIOMA NATAL Y TRADUCIDA EN ESPA\u00d1OL\u00a0 APOSTILLADAS DESDE EL PAIS DE ORIGEN.<\/span><\/span><\/p>\n<p style=\"text-align: center;\"><span style=\"text-align: center;\"><span style=\"font-size: medium;\">ACTA DE BAUTISMO EN EL IDIOMA NATAL Y\u00a0 TRADUCIDA EN ESPA\u00d1OL Y APOSTILLADAS DESDE\u00a0 EL PAIS DE ORIGEN.<\/span><\/span><\/p>\n<p style=\"text-align: center;\"><span style=\"text-align: center;\"><span style=\"font-size: medium;\">ACTA DE CONFIRMACION EN EL IDIOMA NATAL Y TRADUCIDA EN ESPA\u00d1OL Y APOSTILLADAS DESDE\u00a0 EL PAIS DE ORIGEN .<\/span><\/span><\/p>\n<p style=\"text-align: center;\"><span style=\"text-align: center;\"><span style=\"font-size: medium;\">FOTOCOPIA DE LA CEDULA O PASAPORTE.<\/span><\/span><\/p>\n<p style=\"text-align: center;\"><span style=\"text-align: center;\"><span style=\"font-size: medium;\">CARTA DE SOLTERIA EXPEDIDA POR LA IGLESIA, DOCUMENTO QUE ACREDITA QUE NO HUBO MATRIMONIO ANTERIOR.<\/span><\/span><\/p>\n<p style=\"text-align: center;\"><span style=\"text-align: center;\"><span style=\"font-size: medium;\">CARTA DEL PARROCO AL QUE PERTENECES QUE ATESTIGUE QUE ERES UN BUEN FELIGRES.<\/span><\/span><\/p>\n<p style=\"text-align: center;\"><span style=\"text-align: center;\"><span style=\"font-size: medium;\">SI UNO DE LOS DOS ES VIUDO, INCORPORAR ACTA DE DEFUNCION EN EL IDIOMA NATAL Y TRADUCIDA EN ESPA\u00d1OL Y APOSTILLADA DESDE EL PAIS DE ORIGEN.<\/span><\/span><\/p>\n<p style=\"text-align: center;\"><span style=\"text-align: center;\"><span style=\"font-size: medium;\">EN CASO DE QUE SEA LA MUJER LA VIUDA DEBE ESPERAR 10 MESES PARA VOLVERSE A CASAR.<\/span><\/span><\/p>\n<p style=\"text-align: center;\"><span style=\"text-align: center;\"><span style=\"font-size: medium;\">SI YA REALIZARON MATRIMONIO POR LO CIVIL DEBEN PRESENTAR ACTA QUE LO ESTIPULE.<\/span><\/span><\/p>\n<p style=\"text-align: center;\"><span style=\"text-align: center;\"><span style=\"font-size: medium;\">CERTIFICADO DE CURSILLO PRE-MATRIMONIAL.<\/span><\/span><\/p>\n<p style=\"text-align: center;\"><span style=\"text-align: center;\"><span style=\"font-size: medium;\">COPIA DE LAS CEDULAS DE LOS DOS PADRINOS.<\/span><\/span><\/p>\n<p style=\"text-align: center;\"><span style=\"text-align: center;\"><span style=\"font-size: medium;\">ALGUNAS IGLESIAS SOLICITAN PRUEBAS DE EMBARAZO, VIH Y FALSEMIA.<\/span><\/span><\/p>\n<p style=\"text-align: center;\"><span style=\"font-size: medium;\">AMBOS TENER 18 A\u00d1OS, SER SOLTEROS, SIN MATRIMONIO ANTERIOR POR LA IGLESIA O QUE CUENTEN CON LA ANULACION DEL MISMO.<\/span><\/p>\n<p><!--:--><!--:en--><\/p>\n<h1 style=\"text-align: center;\"><img fetchpriority=\"high\" decoding=\"async\" class=\"aligncenter  wp-image-1280\" alt=\"requisitos-para-casarse-en-Rep\u00fablica-Dominicana\" src=\"http:\/\/www.eventosycateringrd.com\/wp-content\/uploads\/2014\/05\/requisitos-para-casarse-en-Rep\u00fablica-Dominicana.jpg\" width=\"308\" height=\"270\" \/><\/h1>\n<h1 style=\"text-align: center;\"><span style=\"color: #64d3a9;\"><strong>Requirements to get married in Dominican Republic<\/strong><\/span><\/h1>\n<p style=\"text-align: center;\"><span style=\"font-size: large;\">The law in the Dominican Republic recognizes two kinds of marriage: <strong>Civil<\/strong>, that contracts in accordance with the provisions of the Civil Law; <strong>and Religious<\/strong>, held subject to the norms of Canon Law.<\/span><\/p>\n<p><img decoding=\"async\" class=\"aligncenter size-full wp-image-1253\" alt=\"separador-web-eventos-y-catering\" src=\"http:\/\/www.eventosycateringrd.com\/wp-content\/uploads\/2014\/04\/separador-web-eventos-y-catering.png\" width=\"950\" height=\"74\" \/><\/p>\n<h2 style=\"text-align: center;\"><span style=\"color: #64d3a9;\">Civil Marriage<\/span><\/h2>\n<p style=\"text-align: center;\"><span style=\"font-size: medium;\"><strong>Civil marriage originates the contract between a man and a woman who have given their consent to marry and have the ability to verify this act<\/strong>. To get married in the Dominican Republic, it is necessary that the parties comply with the following requirements and steps:<\/span><\/p>\n<ul style=\"text-align: center;\">\n<li style=\"text-align: center;\"><span style=\"font-size: medium;\"><strong>The parties must give their consent<\/strong>. Any consent required for marriage should be expressed in writing or by authentic act under private signature duly authenticated, unless the persons to attend to it and give their consent to record the minutes that instrument.<\/span><\/li>\n<\/ul>\n<ul style=\"text-align: center;\">\n<li><span style=\"font-size: medium;\"><strong>Persons under 18 must have the consent of their parents<\/strong> or surviving parent without which they can not marry.<\/span><\/li>\n<\/ul>\n<ul style=\"text-align: center;\">\n<li><span style=\"font-size: medium;\"><strong>The man under 16 years and women before the age of 15 may not marry<\/strong>; but the Court of First Instance may, for understandable reasons, to grant the dispensation of age.<\/span><\/li>\n<\/ul>\n<p style=\"text-align: center;\"><span style=\"font-size: medium;\"><strong>You can not marry before the dissolution of a previous marriage<\/strong>. In any case the divorced woman can not remarry until ten (10) months after the divorce has become final, unless her new husband is the same who has been divorced.<\/span><\/p>\n<p><img decoding=\"async\" alt=\"separador-web-eventos-y-catering\" src=\"http:\/\/www.eventosycateringrd.com\/wp-content\/uploads\/2014\/04\/separador-web-eventos-y-catering.png\" width=\"950\" height=\"74\" \/><\/p>\n<h3 style=\"text-align: center;\"><span style=\"color: #64d3a9;\"><strong><span>Foreigners wishing to marry in the country should submit only:<\/span><\/strong><\/span><\/h3>\n<ul style=\"text-align: center;\">\n<ul>\n<li><strong><span style=\"font-size: medium;\">Their passport original and copy.<\/span><\/strong><\/li>\n<\/ul>\n<\/ul>\n<ul style=\"text-align: center;\">\n<ul>\n<li><strong><span style=\"font-size: medium;\">Letter singleness Embassy of the country of origin.<\/span><\/strong><\/li>\n<\/ul>\n<\/ul>\n<ul style=\"text-align: center;\">\n<li><span style=\"font-size: medium;\"><strong>The tourist card, or green card<\/strong> and\/or personal identity foreign, if any.<\/span><\/li>\n<\/ul>\n<p style=\"text-align: center;\"><span style=\"font-size: medium;\"><strong>Civil Marriage should publicly held before a Civil Officer<\/strong>. The law requires certain requirements prior to advertising the marriage consisting of posting notices on marriage. However, the Civil Status at the time of the marriage, the parties may dispense with this requirement for understandable reasons, to be removed from the Certificate or Marriage Certificate.<\/span><\/p>\n<p style=\"text-align: center;\"><span style=\"font-size: medium;\"><strong>Once these formalities, the marriage will take place before the official domicile of one of the parties<\/strong>, in the presence of witnesses required. At the time of the marriage the civil officer will ask the parties and witnesses and other persons authorized marriage, if it has not entered into or any contract between them and if so, indicate the date of the and cite the name of Notary before whom made.<\/span><\/p>\n<p style=\"text-align: center;\"><span style=\"font-size: medium;\"><strong>The marriage certificate shall contain the names of the parties, their consent, the statement that they have been joined by this link and the date of the act<\/strong>. This act shall be signed by the presiding officer, so spouses and witnesses and then proceed to the registration of marriages in the records of the relevant civil state.<\/span><\/p>\n<p style=\"text-align: center;\"><span style=\"font-size: medium;\">* Civil marriage is dissolved by divorce or death of a spouse.<\/span><\/p>\n<p style=\"text-align: center;\">\u00a0<img decoding=\"async\" alt=\"separador-web-eventos-y-catering\" src=\"http:\/\/www.eventosycateringrd.com\/wp-content\/uploads\/2014\/04\/separador-web-eventos-y-catering.png\" width=\"950\" height=\"74\" \/><\/p>\n<h2 style=\"text-align: center;\"><span style=\"color: #64d3a9;\">The Canonical Marriage<\/span><\/h2>\n<p style=\"text-align: center;\"><span style=\"font-size: medium;\"><strong>Catholic marriage produces the same legal effect as a civil marriage<\/strong>. <\/span><\/p>\n<p style=\"text-align: center;\"><span style=\"font-size: medium;\"><strong>The pastor must send a textual copy of your celebration to the competent Civil Status Registrar within 3 days following the solemnization of the canonical marriage<\/strong>, in order that it may proceed to the transcript in the civil registers of place. This obligation continues even when the civil marriage preceded the canonical.<\/span><\/p>\n<p style=\"text-align: center;\"><img decoding=\"async\" alt=\"separador-web-eventos-y-catering\" src=\"http:\/\/www.eventosycateringrd.com\/wp-content\/uploads\/2014\/04\/separador-web-eventos-y-catering.png\" width=\"950\" height=\"74\" \/><\/p>\n<h2 style=\"text-align: center;\"><span style=\"color: #64d3a9;\"><b>CATHOLIC CHURCH REQUIREMENTS FOR FOREIGNERS<\/b><\/span><\/h2>\n<p style=\"text-align: center;\"><span style=\"font-size: medium;\">BIRTH CERTIFICATE IN NATIVE LANGUAGE AND TRANSLATED IN SPANISH APOSTILLED FROM COUNTRY OF ORIGIN.<\/span><\/p>\n<p style=\"text-align: center;\"><span style=\"font-size: medium;\">RECORD OF BAPTISM IN NATIVE LANGUAGE AND TRANSLATED IN SPANISH AND APOSTILLED FROM COUNTRY OF ORIGIN.<\/span><\/p>\n<p style=\"text-align: center;\"><span style=\"font-size: medium;\">RECORD OF CONFIRMATION IN NATIVE LANGUAGE AND TRANSLATED IN SPANISH AND APOSTILLED FROM COUNTRY OF ORIGIN.<\/span><\/p>\n<p style=\"text-align: center;\"><span style=\"font-size: medium;\">COPY OF THE IDENTITY CARD OR PASSPORT.<\/span><\/p>\n<p style=\"text-align: center;\"><span style=\"font-size: medium;\">LETTER ISSUED BY THE CHURCH BACHELORHOOD, DOCUMENT TO PROVE THAT THERE WERE NO PREVIOUS MARRIAGE.<\/span><\/p>\n<p style=\"text-align: center;\"><span style=\"font-size: medium;\">LETTER FROM THE PASTOR TO TESTIFY THAT YOU BELONG TO A GOOD PARISHIONER.<\/span><\/p>\n<p style=\"text-align: center;\"><span style=\"font-size: medium;\">IF ONE OF THE TWO IS WIDOW, MAINSTREAM DEATH CERTIFICATE IN NATIVE LANGUAGE AND TRANSLATED IN SPANISH AND APOSTILLED FROM COUNTRY OF ORIGIN.<\/span><\/p>\n<p style=\"text-align: center;\"><span style=\"font-size: medium;\">IF THAT IS THE WIDOW WOMAN MUST WAIT 10 MONTHS TO BECOME A WEDDING.<\/span><\/p>\n<p style=\"text-align: center;\"><span style=\"font-size: medium;\">IF YOU MADE CIVIL MARRIAGE BE PRESENTED AT RECORD THAT PROVIDES IT.<\/span><\/p>\n<p style=\"text-align: center;\"><span style=\"font-size: medium;\">CERTIFICATE COURSE PRE-MARITAL.<\/span><\/p>\n<p style=\"text-align: center;\"><span style=\"font-size: medium;\">COPY OF THE TWO GODPARENTS IDENTITY CARDS.<\/span><\/p>\n<p style=\"text-align: center;\"><span style=\"font-size: medium;\">SOME TESTS ARE REQUIRED BY CHURCHES: PREGNANCY , HIV and FALSEMIA.<\/span><\/p>\n<p style=\"text-align: center;\"><span style=\"font-size: medium;\">BOTH MUST BE 18, BE SINGLE AND NOT BEFORE MARRIAGE BY CHURCH, IF THEY DON\u00b4T HAVE THE CANCELLATION OF THE SAME.<\/span><\/p>\n<p><!--:--><\/p>\n","protected":false},"excerpt":{"rendered":"<p>Requisitos para casarte en Rep\u00fablica Dominicana La ley en la Rep\u00fablica Dominicana reconoce dos clases de matrimonio: el civil, que se contrae de acuerdo con los preceptos de la ley civil; y el religioso, celebrado con sujeci\u00f3n a las normas del Derecho Can\u00f3nico. El matrimonio&#8230;<\/p>\n","protected":false},"author":1,"featured_media":1788,"parent":0,"menu_order":8,"comment_status":"open","ping_status":"open","template":"","meta":{"footnotes":""},"class_list":["post-1282","page","type-page","status-publish","has-post-thumbnail","hentry"],"_links":{"self":[{"href":"http:\/\/eventosycateringrd.com\/es\/wp-json\/wp\/v2\/pages\/1282","targetHints":{"allow":["GET"]}}],"collection":[{"href":"http:\/\/eventosycateringrd.com\/es\/wp-json\/wp\/v2\/pages"}],"about":[{"href":"http:\/\/eventosycateringrd.com\/es\/wp-json\/wp\/v2\/types\/page"}],"author":[{"embeddable":true,"href":"http:\/\/eventosycateringrd.com\/es\/wp-json\/wp\/v2\/users\/1"}],"replies":[{"embeddable":true,"href":"http:\/\/eventosycateringrd.com\/es\/wp-json\/wp\/v2\/comments?post=1282"}],"version-history":[{"count":0,"href":"http:\/\/eventosycateringrd.com\/es\/wp-json\/wp\/v2\/pages\/1282\/revisions"}],"wp:featuredmedia":[{"embeddable":true,"href":"http:\/\/eventosycateringrd.com\/es\/wp-json\/"}],"wp:attachment":[{"href":"http:\/\/eventosycateringrd.com\/es\/wp-json\/wp\/v2\/media?parent=1282"}],"curies":[{"name":"wp","href":"https:\/\/api.w.org\/{rel}","templated":true}]}}