{"id":5437,"date":"2024-02-24T09:24:40","date_gmt":"2024-02-24T09:24:40","guid":{"rendered":"https:\/\/eventosycateringrd.com\/?page_id=5437"},"modified":"2024-02-26T09:19:55","modified_gmt":"2024-02-26T09:19:55","slug":"terminos-y-condiciones","status":"publish","type":"page","link":"http:\/\/eventosycateringrd.com\/es\/terminos-y-condiciones\/","title":{"rendered":"T\u00e9rminos y Condiciones"},"content":{"rendered":"<p><strong>T\u00e9rminos y condiciones de uso<\/strong><\/p>\n<p>Lea atentamente los siguientes t\u00e9rminos y condiciones antes de utilizar nuestro sitio web (https:\/\/eventosycateringrd.com). El acceso y uso de este sitio est\u00e1 sujeto a los siguientes t\u00e9rminos y condiciones. Al acceder y utilizar este sitio, usted acepta estos t\u00e9rminos y condiciones en su totalidad. Si no est\u00e1 de acuerdo con estos t\u00e9rminos y condiciones, abst\u00e9ngase de utilizar nuestro sitio web.<\/p>\n<p><strong>1. Uso del Sitio Web<\/strong>:<br \/>\n1.1. El contenido del sitio web es \u00fanicamente para informaci\u00f3n general y uso personal.<br \/>\n1.2. Nos reservamos el derecho de modificar o retirar cualquier parte del contenido sin previo aviso.<\/p>\n<p><strong>2. Propiedad Intelectual<\/strong>:<br \/>\n2.1. Todo el contenido del sitio web, incluidos textos, gr\u00e1ficos, logotipos, im\u00e1genes y software, est\u00e1 protegido por derechos de autor y otras leyes de propiedad intelectual.<br \/>\n2.2. No se permite la reproducci\u00f3n, distribuci\u00f3n o modificaci\u00f3n del contenido sin autorizaci\u00f3n previa por escrito.<\/p>\n<p><strong>3. Enlaces de terceros<\/strong>:<br \/>\n3.1. Nuestro sitio web puede contener enlaces a sitios web de terceros. Estos enlaces se proporcionan \u00fanicamente para su comodidad.<br \/>\n3.2. No tenemos control sobre el contenido de los sitios web de terceros y no asumimos ninguna responsabilidad por ellos.<\/p>\n<p><strong>4. Limitaci\u00f3n de Responsabilidad<\/strong>:<br \/>\n4.1. Hacemos todo lo posible para garantizar la exactitud y actualidad del contenido del sitio web. Sin embargo, no garantizamos la exactitud, integridad o idoneidad del contenido.<br \/>\n4.2. No somos responsables de ninguna p\u00e9rdida o da\u00f1o directo, indirecto, incidental, consecuente o especial que surja del uso o la imposibilidad de utilizar nuestro sitio web.<\/p>\n<p><strong>5. Ley Aplicable<\/strong>:<br \/>\n5.1. Estos t\u00e9rminos y condiciones se rigen por las leyes de la Rep\u00fablica Dominicana.<\/p>\n<p>Al acceder y utilizar nuestro sitio web, usted acepta cumplir con estos t\u00e9rminos y condiciones. Si tiene alguna pregunta o inquietud, <a href=\"https:\/\/eventosycateringrd.com\/es\/contacto\/\"><strong>contacte con nosotros<\/strong><\/a>.<\/p>\n","protected":false},"excerpt":{"rendered":"<p>T\u00e9rminos y condiciones de uso Lea atentamente los siguientes t\u00e9rminos y condiciones antes de utilizar nuestro sitio web (https:\/\/eventosycateringrd.com). El acceso y uso de este sitio est\u00e1 sujeto a los siguientes t\u00e9rminos y condiciones. Al acceder y utilizar este sitio, usted acepta estos t\u00e9rminos y&#8230;<\/p>\n","protected":false},"author":1,"featured_media":0,"parent":0,"menu_order":0,"comment_status":"closed","ping_status":"closed","template":"","meta":{"footnotes":""},"class_list":["post-5437","page","type-page","status-publish","hentry"],"_links":{"self":[{"href":"http:\/\/eventosycateringrd.com\/es\/wp-json\/wp\/v2\/pages\/5437","targetHints":{"allow":["GET"]}}],"collection":[{"href":"http:\/\/eventosycateringrd.com\/es\/wp-json\/wp\/v2\/pages"}],"about":[{"href":"http:\/\/eventosycateringrd.com\/es\/wp-json\/wp\/v2\/types\/page"}],"author":[{"embeddable":true,"href":"http:\/\/eventosycateringrd.com\/es\/wp-json\/wp\/v2\/users\/1"}],"replies":[{"embeddable":true,"href":"http:\/\/eventosycateringrd.com\/es\/wp-json\/wp\/v2\/comments?post=5437"}],"version-history":[{"count":1,"href":"http:\/\/eventosycateringrd.com\/es\/wp-json\/wp\/v2\/pages\/5437\/revisions"}],"predecessor-version":[{"id":5438,"href":"http:\/\/eventosycateringrd.com\/es\/wp-json\/wp\/v2\/pages\/5437\/revisions\/5438"}],"wp:attachment":[{"href":"http:\/\/eventosycateringrd.com\/es\/wp-json\/wp\/v2\/media?parent=5437"}],"curies":[{"name":"wp","href":"https:\/\/api.w.org\/{rel}","templated":true}]}}