{"id":1088,"date":"2014-01-29T12:23:54","date_gmt":"2014-01-29T16:23:54","guid":{"rendered":"http:\/\/www.eventosycatering.com\/newsite\/?page_id=1088"},"modified":"2024-01-19T12:14:40","modified_gmt":"2024-01-19T12:14:40","slug":"blog","status":"publish","type":"page","link":"https:\/\/eventosycateringrd.com\/es\/blog\/","title":{"rendered":"Blog"},"content":{"rendered":"\t\t<div data-elementor-type=\"wp-page\" data-elementor-id=\"1088\" class=\"elementor elementor-1088\" data-elementor-post-type=\"page\">\n\t\t\t\t\t\t<section class=\"elementor-section elementor-top-section elementor-element elementor-element-689d7ef5 elementor-section-full_width elementor-section-content-middle elementor-section-stretched elementor-section-height-min-height parallax_section_holder qode_elementor_container_inner elementor-section-height-default elementor-section-items-middle\" data-id=\"689d7ef5\" data-element_type=\"section\" data-e-type=\"section\" data-settings=\"{&quot;stretch_section&quot;:&quot;section-stretched&quot;,&quot;background_background&quot;:&quot;classic&quot;,&quot;qode_parallax_image&quot;:{&quot;url&quot;:&quot;&quot;,&quot;id&quot;:&quot;&quot;,&quot;size&quot;:&quot;&quot;}}\">\n\t\t\t\t\t\t<div class=\"elementor-container elementor-column-gap-default\">\n\t\t\t\t\t<div class=\"elementor-column elementor-col-100 elementor-top-column elementor-element elementor-element-724885ca\" data-id=\"724885ca\" data-element_type=\"column\" data-e-type=\"column\">\n\t\t\t<div class=\"elementor-widget-wrap elementor-element-populated\">\n\t\t\t\t\t\t<div class=\"elementor-element elementor-element-28ae5baa elementor-widget elementor-widget-text-editor\" data-id=\"28ae5baa\" data-element_type=\"widget\" data-e-type=\"widget\" data-widget_type=\"text-editor.default\">\n\t\t\t\t<div class=\"elementor-widget-container\">\n\t\t\t\t\t\t\t\t\t<h1>BLOG<\/h1>\t\t\t\t\t\t\t\t<\/div>\n\t\t\t\t<\/div>\n\t\t\t\t<div class=\"elementor-element elementor-element-6a6c30e1 elementor-widget elementor-widget-heading\" data-id=\"6a6c30e1\" data-element_type=\"widget\" data-e-type=\"widget\" data-widget_type=\"heading.default\">\n\t\t\t\t<div class=\"elementor-widget-container\">\n\t\t\t\t\t<h2 class=\"elementor-heading-title elementor-size-default\">Informaci\u00f3n confidencial: Revelando<br>la magia detr\u00e1s de eventos memorables.<\/h2>\t\t\t\t<\/div>\n\t\t\t\t<\/div>\n\t\t\t\t<div class=\"elementor-element elementor-element-694a20de elementor-align-center elementor-widget elementor-widget-button\" data-id=\"694a20de\" data-element_type=\"widget\" data-e-type=\"widget\" data-widget_type=\"button.default\">\n\t\t\t\t<div class=\"elementor-widget-container\">\n\t\t\t\t\t\t\t\t\t<div class=\"elementor-button-wrapper\">\n\t\t\t\t\t<a class=\"elementor-button elementor-button-link elementor-size-md\" href=\"\/#posts\">\n\t\t\t\t\t\t<span class=\"elementor-button-content-wrapper\">\n\t\t\t\t\t\t\t\t\t<span class=\"elementor-button-text\">Ver nuestros Post<\/span>\n\t\t\t\t\t<\/span>\n\t\t\t\t\t<\/a>\n\t\t\t\t<\/div>\n\t\t\t\t\t\t\t\t<\/div>\n\t\t\t\t<\/div>\n\t\t\t\t\t<\/div>\n\t\t<\/div>\n\t\t\t\t\t<\/div>\n\t\t<\/section>\n\t\t\t\t<section style=\"background-image: url(https:\/\/eventosycateringrd.com\/wp-content\/uploads\/2023\/04\/pattern-1.3.png);\" class=\"parallax_section_holder elementor-section elementor-top-section elementor-element elementor-element-ce424e1 elementor-section-stretched parallax_section_holder elementor-section-content-middle elementor-section-boxed elementor-section-height-default elementor-section-height-default qode_elementor_container_no\" data-speed=\"1\" data-id=\"ce424e1\" data-element_type=\"section\" data-e-type=\"section\" data-settings=\"{&quot;stretch_section&quot;:&quot;section-stretched&quot;,&quot;background_background&quot;:&quot;classic&quot;,&quot;qode_parallax_image&quot;:{&quot;url&quot;:&quot;https:\\\/\\\/eventosycateringrd.com\\\/wp-content\\\/uploads\\\/2023\\\/04\\\/pattern-1.3.png&quot;,&quot;id&quot;:2504,&quot;size&quot;:&quot;&quot;,&quot;alt&quot;:&quot;&quot;,&quot;source&quot;:&quot;library&quot;}}\">\n\t\t\t\t\t\t<div class=\"elementor-container elementor-column-gap-default\">\n\t\t\t\t\t<div class=\"elementor-column elementor-col-100 elementor-top-column elementor-element elementor-element-76c8779d\" data-id=\"76c8779d\" data-element_type=\"column\" data-e-type=\"column\">\n\t\t\t<div class=\"elementor-widget-wrap elementor-element-populated\">\n\t\t\t\t\t\t<div class=\"elementor-element elementor-element-61be7159 elementor-widget elementor-widget-text-editor\" data-id=\"61be7159\" data-element_type=\"widget\" data-e-type=\"widget\" data-widget_type=\"text-editor.default\">\n\t\t\t\t<div class=\"elementor-widget-container\">\n\t\t\t\t\t\t\t\t\t<p><strong>\u00a1\u00danase a nosotros en la emocionante aventura del mundo de eventos inolvidables!<\/strong> Nuestro blog es un tesoro de inspiraci\u00f3n, consejos y historias detr\u00e1s de c\u00e1maras que despertar\u00e1n su imaginaci\u00f3n y le ayudar\u00e1n a crear momentos extraordinarios.<\/p><p>\u00a0<\/p><p>Desde secretos de planificaci\u00f3n de bodas hasta las tendencias en eventos corporativos y todo lo dem\u00e1s, le invitamos a seguirnos y descubrir el arte de crear experiencias memorables. No se pierda las \u00faltimas tendencias en eventos, los consejos expertos y las historias cautivadoras.<\/p><p>\u00a0<\/p><p><strong>\u00a1Visite nuestro blog y sea parte de la comunidad de Eventos &amp; Catering!<\/strong><\/p>\t\t\t\t\t\t\t\t<\/div>\n\t\t\t\t<\/div>\n\t\t\t\t\t<\/div>\n\t\t<\/div>\n\t\t\t\t\t<\/div>\n\t\t<\/section>\n\t\t\t\t<section class=\"elementor-section elementor-top-section elementor-element elementor-element-591d9ac0 elementor-section-content-middle elementor-section-full_width elementor-section-height-min-height elementor-section-items-stretch elementor-section-stretched elementor-section-height-default parallax_section_no qode_elementor_container_no\" data-id=\"591d9ac0\" data-element_type=\"section\" data-e-type=\"section\" data-settings=\"{&quot;stretch_section&quot;:&quot;section-stretched&quot;}\">\n\t\t\t\t\t\t<div class=\"elementor-container elementor-column-gap-no\">\n\t\t\t\t\t<div class=\"elementor-column elementor-col-100 elementor-top-column elementor-element elementor-element-615a5996\" data-id=\"615a5996\" data-element_type=\"column\" data-e-type=\"column\">\n\t\t\t<div class=\"elementor-widget-wrap elementor-element-populated\">\n\t\t\t\t\t\t<div class=\"elementor-element elementor-element-efeaf42 elementor-grid-eael-col-3 elementor-grid-tablet-eael-col-2 elementor-grid-mobile-eael-col-1 elementor-widget elementor-widget-eael-post-grid\" data-id=\"efeaf42\" data-element_type=\"widget\" data-e-type=\"widget\" data-settings=\"{&quot;eael_post_grid_columns&quot;:&quot;eael-col-3&quot;,&quot;eael_post_grid_columns_tablet&quot;:&quot;eael-col-2&quot;,&quot;eael_post_grid_columns_mobile&quot;:&quot;eael-col-1&quot;}\" data-widget_type=\"eael-post-grid.default\">\n\t\t\t\t<div class=\"elementor-widget-container\">\n\t\t\t\t\t<div id=\"eael-post-grid-efeaf42\" class=\"eael-post-grid-container\">\n            <div class=\"eael-post-grid eael-post-appender eael-post-appender-efeaf42 eael-post-grid-style-one\" data-layout-mode=\"grid\"><article class=\"eael-grid-post  eael-post-grid-column eael-pg-post-3468 category-blog-republica-dominicana\" data-id=\"3468\">\n        <div class=\"eael-grid-post-holder\">\n            <div class=\"eael-grid-post-holder-inner\"><div class=\"eael-entry-media\"><div class=\"eael-entry-overlay fade-in\"><i class=\"fas fa-long-arrow-alt-right\" aria-hidden=\"true\"><\/i><a href=\"https:\/\/eventosycateringrd.com\/es\/republica-dominicana-lo-tiene-todo\/\"><\/a><\/div><div class=\"eael-entry-thumbnail \">\n                <img fetchpriority=\"high\" decoding=\"async\" width=\"300\" height=\"200\" src=\"https:\/\/eventosycateringrd.com\/wp-content\/uploads\/2023\/06\/dominican-republic-has-it-all-300x200.jpg\" class=\"attachment-medium size-medium wp-image-3438\" alt=\"\" srcset=\"https:\/\/eventosycateringrd.com\/wp-content\/uploads\/2023\/06\/dominican-republic-has-it-all-300x200.jpg 300w, https:\/\/eventosycateringrd.com\/wp-content\/uploads\/2023\/06\/dominican-republic-has-it-all-1024x683.jpg 1024w, https:\/\/eventosycateringrd.com\/wp-content\/uploads\/2023\/06\/dominican-republic-has-it-all-768x512.jpg 768w, https:\/\/eventosycateringrd.com\/wp-content\/uploads\/2023\/06\/dominican-republic-has-it-all-1536x1024.jpg 1536w, https:\/\/eventosycateringrd.com\/wp-content\/uploads\/2023\/06\/dominican-republic-has-it-all-700x467.jpg 700w, https:\/\/eventosycateringrd.com\/wp-content\/uploads\/2023\/06\/dominican-republic-has-it-all.jpg 1920w\" sizes=\"(max-width: 300px) 100vw, 300px\" \/>\n            <\/div>\n        <\/div><div class=\"eael-entry-wrapper\"><header class=\"eael-entry-header\"><h3 class=\"eael-entry-title\"><a class=\"eael-grid-post-link\" href=\"https:\/\/eventosycateringrd.com\/es\/republica-dominicana-lo-tiene-todo\/\" title=\"Rep\u00fablica Dominicana lo tiene todo\">Rep\u00fablica Dominicana lo tiene todo<\/a><\/h3><\/header><div class=\"eael-entry-content\">\n                        <div class=\"eael-grid-post-excerpt\"><p><\/p><a href=\"https:\/\/eventosycateringrd.com\/es\/republica-dominicana-lo-tiene-todo\/\" class=\"eael-post-elements-readmore-btn\">Leer m\u00e1s<\/a><\/div>\n                    <\/div><\/div><\/div>\n        <\/div>\n    <\/article><article class=\"eael-grid-post  eael-post-grid-column eael-pg-post-1771 category-blog-bodas-guia-informacion-republica-dominicana-vacaciones-viajes tags-boda-dominican-republic-eventos-2-events-grooms-guia-2-guide-novios-republica-dominicana-2-wedding\" data-id=\"1771\">\n        <div class=\"eael-grid-post-holder\">\n            <div class=\"eael-grid-post-holder-inner\"><div class=\"eael-entry-media\"><div class=\"eael-entry-overlay fade-in\"><i class=\"fas fa-long-arrow-alt-right\" aria-hidden=\"true\"><\/i><a href=\"https:\/\/eventosycateringrd.com\/es\/guia-de-boda-en-republica-dominicana-en-pdf\/\"><\/a><\/div><div class=\"eael-entry-thumbnail \">\n                <img decoding=\"async\" width=\"300\" height=\"200\" src=\"https:\/\/eventosycateringrd.com\/wp-content\/uploads\/2014\/05\/guia-boda-eventos-y-catering-1-300x200.jpg\" class=\"attachment-medium size-medium wp-image-5042\" alt=\"\" srcset=\"https:\/\/eventosycateringrd.com\/wp-content\/uploads\/2014\/05\/guia-boda-eventos-y-catering-1-300x200.jpg 300w, https:\/\/eventosycateringrd.com\/wp-content\/uploads\/2014\/05\/guia-boda-eventos-y-catering-1-1024x684.jpg 1024w, https:\/\/eventosycateringrd.com\/wp-content\/uploads\/2014\/05\/guia-boda-eventos-y-catering-1-768x513.jpg 768w, https:\/\/eventosycateringrd.com\/wp-content\/uploads\/2014\/05\/guia-boda-eventos-y-catering-1-700x467.jpg 700w, https:\/\/eventosycateringrd.com\/wp-content\/uploads\/2014\/05\/guia-boda-eventos-y-catering-1.jpg 1200w\" sizes=\"(max-width: 300px) 100vw, 300px\" \/>\n            <\/div>\n        <\/div><div class=\"eael-entry-wrapper\"><header class=\"eael-entry-header\"><h3 class=\"eael-entry-title\"><a class=\"eael-grid-post-link\" href=\"https:\/\/eventosycateringrd.com\/es\/guia-de-boda-en-republica-dominicana-en-pdf\/\" title=\"Gu\u00eda de boda en Rep\u00fablica Dominicana en PDF\">Gu\u00eda de boda en Rep\u00fablica Dominicana en PDF<\/a><\/h3><\/header><div class=\"eael-entry-content\">\n                        <div class=\"eael-grid-post-excerpt\"><p>Gu\u00eda de boda en Rep\u00fablica Dominicana en PDF Rep\u00fablica Dominicana...<\/p><a href=\"https:\/\/eventosycateringrd.com\/es\/guia-de-boda-en-republica-dominicana-en-pdf\/\" class=\"eael-post-elements-readmore-btn\">Leer m\u00e1s<\/a><\/div>\n                    <\/div><\/div><\/div>\n        <\/div>\n    <\/article><article class=\"eael-grid-post  eael-post-grid-column eael-pg-post-1772 category-blog-eng-dominican-republic-guide-holidays-information-trips tags-country-dominican-republic-holidays-informacion-2-information-pais-republica-dominicana-2-trip-vacacion-vacaciones-2-viaje\" data-id=\"1772\">\n        <div class=\"eael-grid-post-holder\">\n            <div class=\"eael-grid-post-holder-inner\"><div class=\"eael-entry-media\"><div class=\"eael-entry-overlay fade-in\"><i class=\"fas fa-long-arrow-alt-right\" aria-hidden=\"true\"><\/i><a href=\"https:\/\/eventosycateringrd.com\/es\/informacion-util-para-el-viajero-republica-dominicana\/\"><\/a><\/div><div class=\"eael-entry-thumbnail \">\n                <img decoding=\"async\" width=\"300\" height=\"200\" src=\"https:\/\/eventosycateringrd.com\/wp-content\/uploads\/2014\/05\/guia-turista-eventos-y-catering-300x200.jpg\" class=\"attachment-medium size-medium wp-image-5057\" alt=\"\" srcset=\"https:\/\/eventosycateringrd.com\/wp-content\/uploads\/2014\/05\/guia-turista-eventos-y-catering-300x200.jpg 300w, https:\/\/eventosycateringrd.com\/wp-content\/uploads\/2014\/05\/guia-turista-eventos-y-catering-1024x684.jpg 1024w, https:\/\/eventosycateringrd.com\/wp-content\/uploads\/2014\/05\/guia-turista-eventos-y-catering-768x513.jpg 768w, https:\/\/eventosycateringrd.com\/wp-content\/uploads\/2014\/05\/guia-turista-eventos-y-catering-700x467.jpg 700w, https:\/\/eventosycateringrd.com\/wp-content\/uploads\/2014\/05\/guia-turista-eventos-y-catering.jpg 1200w\" sizes=\"(max-width: 300px) 100vw, 300px\" \/>\n            <\/div>\n        <\/div><div class=\"eael-entry-wrapper\"><header class=\"eael-entry-header\"><h3 class=\"eael-entry-title\"><a class=\"eael-grid-post-link\" href=\"https:\/\/eventosycateringrd.com\/es\/informacion-util-para-el-viajero-republica-dominicana\/\" title=\"Informaci\u00f3n \u00fatil para el viajero &#8211; Rep\u00fablica Dominicana\">Informaci\u00f3n \u00fatil para el viajero &#8211; Rep\u00fablica Dominicana<\/a><\/h3><\/header><div class=\"eael-entry-content\">\n                        <div class=\"eael-grid-post-excerpt\"><p>Rep\u00fablica Dominicana Informaci\u00f3n \u00fatil para el viajero En este post...<\/p><a href=\"https:\/\/eventosycateringrd.com\/es\/informacion-util-para-el-viajero-republica-dominicana\/\" class=\"eael-post-elements-readmore-btn\">Leer m\u00e1s<\/a><\/div>\n                    <\/div><\/div><\/div>\n        <\/div>\n    <\/article><\/div>\n            <div class=\"clearfix\"><\/div>\n        <\/div>\t\t\t\t<\/div>\n\t\t\t\t<\/div>\n\t\t\t\t\t<\/div>\n\t\t<\/div>\n\t\t\t\t\t<\/div>\n\t\t<\/section>\n\t\t\t\t<section class=\"elementor-section elementor-top-section elementor-element elementor-element-5b270d58 elementor-section-boxed elementor-section-height-default elementor-section-height-default parallax_section_no qode_elementor_container_no\" data-id=\"5b270d58\" data-element_type=\"section\" data-e-type=\"section\">\n\t\t\t\t\t\t<div class=\"elementor-container elementor-column-gap-default\">\n\t\t\t\t\t<div class=\"elementor-column elementor-col-100 elementor-top-column elementor-element elementor-element-60acb388\" data-id=\"60acb388\" data-element_type=\"column\" data-e-type=\"column\">\n\t\t\t<div class=\"elementor-widget-wrap elementor-element-populated\">\n\t\t\t\t\t\t<div class=\"elementor-element elementor-element-3c9a7ccd elementor-view-stacked elementor-widget__width-auto elementor-fixed elementor-shape-circle elementor-widget elementor-widget-icon\" data-id=\"3c9a7ccd\" data-element_type=\"widget\" data-e-type=\"widget\" data-settings=\"{&quot;_position&quot;:&quot;fixed&quot;}\" data-widget_type=\"icon.default\">\n\t\t\t\t<div class=\"elementor-widget-container\">\n\t\t\t\t\t\t\t<div class=\"elementor-icon-wrapper\">\n\t\t\t<a class=\"elementor-icon\" href=\"https:\/\/wa.me\/18097074251?text=Necesito%20cotizacion%20para%20mi%20evento\">\n\t\t\t<i aria-hidden=\"true\" class=\"fas fa-phone-alt\"><\/i>\t\t\t<\/a>\n\t\t<\/div>\n\t\t\t\t\t\t<\/div>\n\t\t\t\t<\/div>\n\t\t\t\t<div class=\"elementor-element elementor-element-5cd7703f elementor-view-stacked elementor-widget__width-auto elementor-fixed elementor-shape-circle elementor-widget elementor-widget-icon\" data-id=\"5cd7703f\" data-element_type=\"widget\" data-e-type=\"widget\" data-settings=\"{&quot;_position&quot;:&quot;fixed&quot;}\" data-widget_type=\"icon.default\">\n\t\t\t\t<div class=\"elementor-widget-container\">\n\t\t\t\t\t\t\t<div class=\"elementor-icon-wrapper\">\n\t\t\t<a class=\"elementor-icon\" href=\"https:\/\/wa.me\/18097074251?text=Necesito%20cotizacion%20para%20mi%20evento\">\n\t\t\t<i aria-hidden=\"true\" class=\"fab fa-whatsapp\"><\/i>\t\t\t<\/a>\n\t\t<\/div>\n\t\t\t\t\t\t<\/div>\n\t\t\t\t<\/div>\n\t\t\t\t<div class=\"elementor-element elementor-element-693a8933 elementor-view-stacked elementor-widget__width-auto elementor-fixed elementor-shape-circle elementor-widget elementor-widget-icon\" data-id=\"693a8933\" data-element_type=\"widget\" data-e-type=\"widget\" data-settings=\"{&quot;_position&quot;:&quot;fixed&quot;}\" data-widget_type=\"icon.default\">\n\t\t\t\t<div class=\"elementor-widget-container\">\n\t\t\t\t\t\t\t<div class=\"elementor-icon-wrapper\">\n\t\t\t<a class=\"elementor-icon\" href=\"mailto:eventosycatering@gmail.com\">\n\t\t\t<i aria-hidden=\"true\" class=\"far fa-envelope\"><\/i>\t\t\t<\/a>\n\t\t<\/div>\n\t\t\t\t\t\t<\/div>\n\t\t\t\t<\/div>\n\t\t\t\t<div class=\"elementor-element elementor-element-1dc8dbcf elementor-view-stacked elementor-widget__width-auto elementor-fixed elementor-shape-circle elementor-widget elementor-widget-icon\" data-id=\"1dc8dbcf\" data-element_type=\"widget\" data-e-type=\"widget\" data-settings=\"{&quot;_position&quot;:&quot;fixed&quot;}\" data-widget_type=\"icon.default\">\n\t\t\t\t<div class=\"elementor-widget-container\">\n\t\t\t\t\t\t\t<div class=\"elementor-icon-wrapper\">\n\t\t\t<a class=\"elementor-icon\" href=\"\/solicitud-cotizacion\">\n\t\t\t<i aria-hidden=\"true\" class=\"fas fa-comments-dollar\"><\/i>\t\t\t<\/a>\n\t\t<\/div>\n\t\t\t\t\t\t<\/div>\n\t\t\t\t<\/div>\n\t\t\t\t\t<\/div>\n\t\t<\/div>\n\t\t\t\t\t<\/div>\n\t\t<\/section>\n\t\t\t\t<\/div>\n\t\t","protected":false},"excerpt":{"rendered":"<p>BLOG Informaci\u00f3n confidencial: Revelandola magia detr\u00e1s de eventos memorables. Ver nuestros Post \u00a1\u00danase a nosotros en la emocionante aventura del mundo de eventos inolvidables! Nuestro blog es un tesoro de inspiraci\u00f3n, consejos y historias detr\u00e1s de c\u00e1maras que despertar\u00e1n su imaginaci\u00f3n y le ayudar\u00e1n a&#8230;<\/p>\n","protected":false},"author":1,"featured_media":1786,"parent":0,"menu_order":9,"comment_status":"open","ping_status":"open","template":"","meta":{"footnotes":""},"class_list":["post-1088","page","type-page","status-publish","has-post-thumbnail","hentry"],"_links":{"self":[{"href":"https:\/\/eventosycateringrd.com\/es\/wp-json\/wp\/v2\/pages\/1088","targetHints":{"allow":["GET"]}}],"collection":[{"href":"https:\/\/eventosycateringrd.com\/es\/wp-json\/wp\/v2\/pages"}],"about":[{"href":"https:\/\/eventosycateringrd.com\/es\/wp-json\/wp\/v2\/types\/page"}],"author":[{"embeddable":true,"href":"https:\/\/eventosycateringrd.com\/es\/wp-json\/wp\/v2\/users\/1"}],"replies":[{"embeddable":true,"href":"https:\/\/eventosycateringrd.com\/es\/wp-json\/wp\/v2\/comments?post=1088"}],"version-history":[{"count":7,"href":"https:\/\/eventosycateringrd.com\/es\/wp-json\/wp\/v2\/pages\/1088\/revisions"}],"predecessor-version":[{"id":5359,"href":"https:\/\/eventosycateringrd.com\/es\/wp-json\/wp\/v2\/pages\/1088\/revisions\/5359"}],"wp:featuredmedia":[{"embeddable":true,"href":"https:\/\/eventosycateringrd.com\/es\/wp-json\/"}],"wp:attachment":[{"href":"https:\/\/eventosycateringrd.com\/es\/wp-json\/wp\/v2\/media?parent=1088"}],"curies":[{"name":"wp","href":"https:\/\/api.w.org\/{rel}","templated":true}]}}